{"id":12,"date":"2018-11-15T08:37:27","date_gmt":"2018-11-15T07:37:27","guid":{"rendered":"http:\/\/localhost:8888\/wordpress\/?page_id=12"},"modified":"2019-07-17T17:09:00","modified_gmt":"2019-07-17T15:09:00","slug":"contact","status":"publish","type":"page","link":"https:\/\/nguentifoundation.org\/en\/contact\/","title":{"rendered":"Contact"},"content":{"rendered":"<p><strong>Do you have any questions ? <\/strong><\/p>\n<p><strong>Would you like to join or participate in our activities and\/or our projects ? <\/strong><\/p>\n<p><strong>Don't hesitate please just let us know, we will reply. <\/strong><\/p>\n<p><strong>We care about you, and we need you all.<\/strong><\/p>\n<div class=\"row\">&nbsp;<\/div>\n\n\n<p>Feel free to contact us if you want to join us, or if you have any questions. <\/p>\n\n\n\n<p>Ecrivez-nous&nbsp;: <a href=\"mailto:info@nguentifoundation.org\"><strong>info@nguentifoundation.org<\/strong><\/a><\/p>\n\n\n\n<p>Would you like to make a donation in kind or a transfer? Please contact us:<strong> <a href=\"https:\/\/nguentifoundation.org\/en\/contact\/\">dons@nguentifoundation.org<\/a><\/strong><\/p>\n\n\n\n<div class=\"wp-block-ugb-image-box ugb-image-box ugb-image-box--v3 ugb-image-box--columns-3 ugb-image-box--effect-zoom-out ugb-image-box--overlay-9\" style=\"text-align:center;--overlay-color:#1a1058\"><div class=\"ugb-image-box__item\" style=\"background-image:url(https:\/\/nguentifoundation.org\/wp-content\/uploads\/2019\/05\/Capture-d\u2019e\u0301cran-2019-05-23-a\u0300-18.52.03.png);height:135px;text-align:center;justify-content:flex-start;border-radius:12px\"><div class=\"ugb-image-box__image-effect\" style=\"background-image:url(https:\/\/nguentifoundation.org\/wp-content\/uploads\/2019\/05\/Capture-d\u2019e\u0301cran-2019-05-23-a\u0300-18.52.03.png)\"><\/div><a class=\"ugb-image-box__overlay\" href=\"\"><\/a><div class=\"ugb-image-box__content\"><h4 class=\"ugb-image-box__title\" style=\"color:#ffffff\">PARIS<\/h4><\/div><\/div><div class=\"ugb-image-box__item\" style=\"background-image:url(https:\/\/nguentifoundation.org\/wp-content\/uploads\/2019\/05\/Capture-d\u2019e\u0301cran-2019-05-31-a\u0300-18.48.40.png);height:135px;text-align:center;justify-content:flex-start;border-radius:12px\"><div class=\"ugb-image-box__image-effect\" style=\"background-image:url(https:\/\/nguentifoundation.org\/wp-content\/uploads\/2019\/05\/Capture-d\u2019e\u0301cran-2019-05-31-a\u0300-18.48.40.png)\"><\/div><a class=\"ugb-image-box__overlay\" href=\"\"><\/a><div class=\"ugb-image-box__content\"><h4 class=\"ugb-image-box__title\" style=\"color:#ffffff\">DOUALA<\/h4><\/div><\/div><div class=\"ugb-image-box__item\" style=\"background-image:url(https:\/\/nguentifoundation.org\/wp-content\/uploads\/2019\/05\/Capture-d\u2019e\u0301cran-2019-05-23-a\u0300-18.51.42.png);height:135px;text-align:center;justify-content:flex-start;border-radius:12px\"><div class=\"ugb-image-box__image-effect\" style=\"background-image:url(https:\/\/nguentifoundation.org\/wp-content\/uploads\/2019\/05\/Capture-d\u2019e\u0301cran-2019-05-23-a\u0300-18.51.42.png)\"><\/div><a class=\"ugb-image-box__overlay\" href=\"\"><\/a><div class=\"ugb-image-box__content\"><h4 class=\"ugb-image-box__title\" style=\"color:#ffffff\">CHICAGO<\/h4><\/div><\/div><\/div>\n\n\n\n<div class=\"wp-block-ugb-spacer ugb-spacer\" style=\"height:50px\"><\/div>","protected":false},"excerpt":{"rendered":"<p>Avez vous des questions ? Voulez vous nous soutenir, ou participer \u00e0 nos activit\u00e9s et\/ou projets ? N&#8217;h\u00e9sitez pas, on est l\u00e0 pour vous r\u00e9pondre. Tout le monde compte pour nous, et on a besoin de tous. &nbsp; N\u2019h\u00e9sitez pas \u00e0 nous contacter pour nous rejoindre, ou pour des questions. Ecrivez-nous&nbsp;: info@nguentifoundation.org Vous souhaitez faire<\/p>\n<div class=\"post-actions\"><a class=\"button small\" href=\"https:\/\/nguentifoundation.org\/en\/contact\/\">Read More<\/a><\/div>","protected":false},"author":1,"featured_media":0,"parent":0,"menu_order":0,"comment_status":"closed","ping_status":"closed","template":"","meta":{"footnotes":""},"class_list":["post-12","page","type-page","status-publish","hentry"],"aioseo_notices":[],"featured_image_urls_v2":{"full":"","thumbnail":"","medium":"","medium_large":"","large":"","1536x1536":"","2048x2048":"","trp-custom-language-flag":"","small-header":"","small-event":"","medium-event":"","large-event":"","document-thumb":"","gallery-full":"","gallery-thumb":"","cause-medium":"","staff-home":"","woocommerce_thumbnail":"","woocommerce_single":"","woocommerce_gallery_thumbnail":"","ppec_logo_image_size":"","ppec_header_image_size":""},"post_excerpt_stackable_v2":"<p>Avez vous des questions ? Voulez vous nous soutenir, ou participer \u00e0 nos activit\u00e9s et\/ou projets ? N&#8217;h\u00e9sitez pas, on est l\u00e0 pour vous r\u00e9pondre. Tout le monde compte pour nous, et on a besoin de tous. &nbsp; N\u2019h\u00e9sitez pas \u00e0 nous contacter pour nous rejoindre, ou pour des questions. Ecrivez-nous&nbsp;: info@nguentifoundation.org Vous souhaitez faire un don en nature ou un virement\u00a0? Merci de nous contacter\u00a0: dons@nguentifoundation.org PARISDOUALACHICAGO<\/p>\n","category_list_v2":"","author_info_v2":{"name":"NguentiAdmin","url":"https:\/\/nguentifoundation.org\/en\/author\/nguentiadmin\/"},"comments_num_v2":"0 comments","post_mailing_queue_ids":[],"_links":{"self":[{"href":"https:\/\/nguentifoundation.org\/en\/wp-json\/wp\/v2\/pages\/12","targetHints":{"allow":["GET"]}}],"collection":[{"href":"https:\/\/nguentifoundation.org\/en\/wp-json\/wp\/v2\/pages"}],"about":[{"href":"https:\/\/nguentifoundation.org\/en\/wp-json\/wp\/v2\/types\/page"}],"author":[{"embeddable":true,"href":"https:\/\/nguentifoundation.org\/en\/wp-json\/wp\/v2\/users\/1"}],"replies":[{"embeddable":true,"href":"https:\/\/nguentifoundation.org\/en\/wp-json\/wp\/v2\/comments?post=12"}],"version-history":[{"count":0,"href":"https:\/\/nguentifoundation.org\/en\/wp-json\/wp\/v2\/pages\/12\/revisions"}],"wp:attachment":[{"href":"https:\/\/nguentifoundation.org\/en\/wp-json\/wp\/v2\/media?parent=12"}],"curies":[{"name":"wp","href":"https:\/\/api.w.org\/{rel}","templated":true}]}}