{"id":1495,"date":"2019-05-14T20:24:46","date_gmt":"2019-05-14T18:24:46","guid":{"rendered":"https:\/\/nguentifoundation.org\/?page_id=1495"},"modified":"2019-05-29T13:52:41","modified_gmt":"2019-05-29T11:52:41","slug":"nos-projets","status":"publish","type":"page","link":"https:\/\/nguentifoundation.org\/en\/nos-projets\/","title":{"rendered":"Projects"},"content":{"rendered":"<div class=\"wp-block-ugb-accordion ugb-accordion\" role=\"presentation\"><div class=\"ugb-accordion__heading\" role=\"button\" tabindex=\"0\" aria-expanded=\"false\" style=\"background-color:#ff6900\"><h4 role=\"heading\" aria-level=\"3\" style=\"color:#ffffff\"><strong>The construction of a modern medical unit in Cameroon<\/strong>. <\/h4><svg viewbox=\"0 0 20 20\" xmlns=\"http:\/\/www.w3.org\/2000\/svg\" width=\"20\" height=\"20\" fill=\"#ffffff\"><path d=\"M16.7 3.3L10 10 3.3 3.4 0 6.7l10 10v-.1l10-9.9z\"><\/path><\/svg><\/div><p class=\"ugb-accordion__text\" role=\"region\"><\/p><\/div>\n\n\n\n<div class=\"wp-block-ugb-feature ugb-feature ugb--background-opacity-5 ugb-feature--design-plain ugb-feature--content-left\" style=\"--image-size:400px\"><div class=\"ugb-content-wrapper\"><div class=\"ugb-feature__content\"><h2 class=\"ugb-feature__title\">Medical Unit Project in Douala, Cameroon<\/h2><p class=\"ugb-feature__description\">This private initiative, worth several million euros, is our contribution to assist the Cameroonian government in improving health conditions. We will rely on international funding, donations and assistance from our partners.<\/p><div><a class=\"ugb-button ugb-button--align-left ugb-button--size-tiny ugb-button--design-ghost\" href=\"http:\/\/www.vasconi.fr\/fr\" style=\"border-radius:8px;border-color:#ff6900;color:#ff6900\" target=\"_blank\" rel=\"noopener noreferrer\"><span class=\"ugb-button--inner\" style=\"color:#ff6900\">Vasconi<\/span><\/a><\/div><\/div><div class=\"ugb-feature__image-side\"><img decoding=\"async\" class=\"ugb-feature__image ugb--shadow-3\" style=\"border-radius:12px\" src=\"https:\/\/nguentifoundation.org\/wp-content\/uploads\/2019\/05\/Yg4O8ZOW.jpeg.jpg\" alt=\"PROJET HOSPITALIER DOUALA CAMEROUN\"\/><\/div><\/div><\/div>\n\n\n\n<div class=\"wp-block-ugb-accordion ugb-accordion\" role=\"presentation\"><div class=\"ugb-accordion__heading\" role=\"button\" tabindex=\"0\" aria-expanded=\"false\" style=\"background-color:#ff6900\"><h4 role=\"heading\" aria-level=\"3\" style=\"color:#ffffff\"><strong>Annual International Conference on Neurodegenerative Diseases, 2021 in Cameroon.&nbsp;<\/strong><\/h4><svg viewbox=\"0 0 20 20\" xmlns=\"http:\/\/www.w3.org\/2000\/svg\" width=\"20\" height=\"20\" fill=\"#ffffff\"><path d=\"M16.7 3.3L10 10 3.3 3.4 0 6.7l10 10v-.1l10-9.9z\"><\/path><\/svg><\/div><p class=\"ugb-accordion__text\" role=\"region\">This conference will be a major gathering of world specialists (researchers, doctors, biologists, lawyers, etc...), to explain, inform and support local professionals, authorities, families, the media and the population on neurodegenerative diseases, such as Alzheimer's. <\/p><\/div>","protected":false},"excerpt":{"rendered":"<p>La construction d\u2019une unit\u00e9 m\u00e9dicale moderne au Cameroun. PROJET HOSPITALIER DOUALA CAMEROUN Cette initiative priv\u00e9e, de plusieurs millions d\u2019euros, est notre contribution, \u00e0 accompagner le gouvernement Camerounais, dans l\u2019am\u00e9lioration de l\u2019\u00e9tat sanitaire. Nous nous appuierons sur des financements internationaux, des dons et de l\u2019aide de nos partenaires. Vasconi Conf\u00e9rence Internationale annuelle, sur les maladies Neurod\u00e9g\u00e9n\u00e9ratives,<\/p>\n<div class=\"post-actions\"><a class=\"button small\" href=\"https:\/\/nguentifoundation.org\/en\/nos-projets\/\">Read More<\/a><\/div>","protected":false},"author":7,"featured_media":0,"parent":0,"menu_order":0,"comment_status":"closed","ping_status":"closed","template":"","meta":{"footnotes":""},"class_list":["post-1495","page","type-page","status-publish","hentry"],"aioseo_notices":[],"featured_image_urls_v2":{"full":"","thumbnail":"","medium":"","medium_large":"","large":"","1536x1536":"","2048x2048":"","trp-custom-language-flag":"","small-header":"","small-event":"","medium-event":"","large-event":"","document-thumb":"","gallery-full":"","gallery-thumb":"","cause-medium":"","staff-home":"","woocommerce_thumbnail":"","woocommerce_single":"","woocommerce_gallery_thumbnail":"","ppec_logo_image_size":"","ppec_header_image_size":""},"post_excerpt_stackable_v2":"<p>La construction d\u2019une unit\u00e9 m\u00e9dicale moderne au Cameroun. PROJET HOSPITALIER DOUALA CAMEROUNCette initiative priv\u00e9e, de plusieurs millions d\u2019euros, est notre contribution, \u00e0 accompagner le gouvernement Camerounais, dans l\u2019am\u00e9lioration de l\u2019\u00e9tat sanitaire. Nous nous appuierons sur des financements internationaux, des dons et de l\u2019aide de nos partenaires.Vasconi Conf\u00e9rence Internationale annuelle, sur les maladies Neurod\u00e9g\u00e9n\u00e9ratives, en 2021 au Cameroun.&nbsp;Cette conf\u00e9rence sera un grand rendez-vous de sp\u00e9cialistes mondiaux (chercheurs, m\u00e9decins, biologistes, juristes etc\u2026), pour expliquer, informer, accompagner les professionnels locaux, les autorit\u00e9s, les familles, les m\u00e9dias, la population sur les maladies neurod\u00e9g\u00e9n\u00e9ratives, telle que l\u2019Alzheimer.<\/p>\n","category_list_v2":"","author_info_v2":{"name":"Amel Ayat","url":"https:\/\/nguentifoundation.org\/en\/author\/meltaya\/"},"comments_num_v2":"0 comments","post_mailing_queue_ids":[],"_links":{"self":[{"href":"https:\/\/nguentifoundation.org\/en\/wp-json\/wp\/v2\/pages\/1495","targetHints":{"allow":["GET"]}}],"collection":[{"href":"https:\/\/nguentifoundation.org\/en\/wp-json\/wp\/v2\/pages"}],"about":[{"href":"https:\/\/nguentifoundation.org\/en\/wp-json\/wp\/v2\/types\/page"}],"author":[{"embeddable":true,"href":"https:\/\/nguentifoundation.org\/en\/wp-json\/wp\/v2\/users\/7"}],"replies":[{"embeddable":true,"href":"https:\/\/nguentifoundation.org\/en\/wp-json\/wp\/v2\/comments?post=1495"}],"version-history":[{"count":0,"href":"https:\/\/nguentifoundation.org\/en\/wp-json\/wp\/v2\/pages\/1495\/revisions"}],"wp:attachment":[{"href":"https:\/\/nguentifoundation.org\/en\/wp-json\/wp\/v2\/media?parent=1495"}],"curies":[{"name":"wp","href":"https:\/\/api.w.org\/{rel}","templated":true}]}}