{"id":1739,"date":"2019-05-21T14:15:59","date_gmt":"2019-05-21T12:15:59","guid":{"rendered":"https:\/\/nguentifoundation.org\/?page_id=1739"},"modified":"2019-05-27T12:25:14","modified_gmt":"2019-05-27T10:25:14","slug":"alzheimer","status":"publish","type":"page","link":"https:\/\/nguentifoundation.org\/en\/alzheimer\/","title":{"rendered":"ALZHEIMER"},"content":{"rendered":"<h2 class=\"wp-block-heading\" style=\"text-align:center\">ALZHEIMER'S DISEASE<\/h2>\n\n\n\n<div class=\"wp-block-ugb-divider ugb-divider\"><hr align=\"center\" style=\"background-color:#ff6900;width:50%;height:1px\"\/><\/div>\n\n\n\n<div class=\"wp-block-ugb-spacer ugb-spacer\" style=\"height:50px\"><\/div>\n\n\n\n<div class=\"wp-block-ugb-feature aligncenter ugb-feature ugb--background-opacity-5 ugb-feature--design-plain ugb-feature--content-center\" style=\"--image-size:400px\"><div class=\"ugb-content-wrapper\"><div class=\"ugb-feature__content\"><h2 class=\"ugb-feature__title\">NEURODEGENERATIVE DISEASES<br><br><\/h2><p class=\"ugb-feature__description translation-block\">Over the past fifty years, the emergence of neurodegenerative diseases has occupied a major place in medical research.\nResearchers and clinicians have carried out various analyses and observations leading them to distinguish physiological ageing from pathological ageing.\n<br>Today there are three major neurodegenerative diseases. The best known is Alzheimer's disease, Parkinson's disease and multiple sclerosis. Alzheimer's disease will be our main focus.<\/p><\/div><div class=\"ugb-feature__image-side\"><img decoding=\"async\" class=\"ugb-feature__image ugb--shadow-3\" style=\"border-radius:12px\" src=\"https:\/\/nguentifoundation.org\/wp-content\/uploads\/2019\/05\/gus-moretta-371897-unsplash-o3v8oloroej4ejaz4ckk817o4iokmp52fqbwu181bs.jpg\" alt=\"LES MALADIES NEURO-D\u00c9G\u00c9N\u00c9RATIVES\"\/><\/div><\/div><\/div>\n\n\n\n<div class=\"wp-block-ugb-spacer ugb-spacer\" style=\"height:50px\"><\/div>\n\n\n\n<div class=\"wp-block-ugb-container aligncenter ugb-container ugb--background-opacity-5 ugb--has-background ugb-container--height-short ugb-container--align-horizontal-full ugb--shadow-9 ugb--has-background-gradient color: black;\" style=\"--ugb-text-color:#ffffff;background-color:#260d79;--ugb-background-color:#260d79;--ugb-background-direction:0deg\"><div class=\"ugb-container__wrapper\"><div class=\"ugb-container__content-wrapper\">\n<h2 class=\"wp-block-heading\" style=\"text-align:center\">SYMPTOMS OF ALZHEIMER'S DISEASE<\/h2>\n\n\n\n<div class=\"wp-block-ugb-container aligncenter ugb-container ugb--background-opacity-5 ugb-container--content-center ugb--has-background ugb-container--height-short ugb-container--align-horizontal-full ugb--shadow-0\" style=\"--ugb-text-color:#ff6900;background-color:#260d79;border-radius:0\"><div class=\"ugb-container__wrapper\"><div class=\"ugb-container__content-wrapper\">\n<h3 class=\"wp-block-heading\">AMNESIA<br><\/h3>\n<\/div><\/div><\/div>\n\n\n\n<p style=\"text-align:center\">Progressive loss of memory<br><\/p>\n\n\n\n<div class=\"wp-block-ugb-container ugb-container ugb--background-opacity-5 ugb-container--content-center ugb--has-background ugb-container--height-short ugb-container--align-horizontal-full ugb--shadow-0\" style=\"--ugb-text-color:#ff6900;background-color:#260d79;border-radius:0\"><div class=\"ugb-container__wrapper\"><div class=\"ugb-container__content-wrapper\">\n<h3 class=\"wp-block-heading\">AGNOSIA<br><\/h3>\n<\/div><\/div><\/div>\n\n\n\n<p style=\"text-align:center\">Loss of object recognition<br><\/p>\n\n\n\n<div class=\"wp-block-ugb-container ugb-container ugb--background-opacity-5 ugb-container--content-center ugb--has-background ugb-container--height-short ugb-container--align-horizontal-center ugb--shadow-0\" style=\"--ugb-text-color:#ff6900;background-color:#260d79;border-radius:0\"><div class=\"ugb-container__wrapper\"><div class=\"ugb-container__content-wrapper\">\n<h3 class=\"wp-block-heading\">APHASIA<br><\/h3>\n<\/div><\/div><\/div>\n\n\n\n<p style=\"text-align:center\">Loss of oral expression and language<br><\/p>\n\n\n\n<div class=\"wp-block-ugb-container ugb-container ugb--background-opacity-5 ugb-container--content-center ugb--has-background ugb-container--height-short ugb-container--align-horizontal-full ugb--shadow-0\" style=\"--ugb-text-color:#ff6900;background-color:#260d79;border-radius:0\"><div class=\"ugb-container__wrapper\"><div class=\"ugb-container__content-wrapper\">\n<h3 class=\"wp-block-heading\">APRAXY<br><\/h3>\n<\/div><\/div><\/div>\n\n\n\n<p style=\"text-align:center\">Inability to perform movements<br><\/p>\n<\/div><\/div><\/div>\n\n\n\n<h2 class=\"wp-block-heading\" style=\"text-align:center\">DISEASE PREVENTION<\/h2>\n\n\n\n<div class=\"wp-block-ugb-divider ugb-divider\"><hr align=\"center\" style=\"background-color:#ff6900;width:50%;height:1px\"\/><\/div>\n\n\n\n<div class=\"wp-block-ugb-feature-grid ugb-feature-grid ugb-feature-grid--columns-3\"><div class=\"ugb-feature-grid__item\" style=\"border-radius:25px\"><div class=\"ugb-feature-grid__image\"><img decoding=\"async\" src=\"https:\/\/nguentifoundation.org\/wp-content\/uploads\/2019\/05\/swim.png\" style=\"width:100%\" alt=\"ACTIVIT\u00c9 PHYSIQUE\"\/><\/div><div class=\"ugb-feature-grid__content\"><h5 class=\"ugb-feature-grid__title\">PHYSICAL ACTIVITY<br><\/h5><p class=\"ugb-feature-grid__description\">All body activity is good. Also think about relaxation, meditation and deep breathing exercises, such as yoga. In addition to staying in shape, these activities help to reduce the stress that doctors suspect is a contributing factor to the worsening of the disease.<br><br><\/p><\/div><\/div><div class=\"ugb-feature-grid__item\" style=\"border-radius:25px\"><div class=\"ugb-feature-grid__image\"><img decoding=\"async\" src=\"https:\/\/nguentifoundation.org\/wp-content\/uploads\/2019\/05\/brain-color-colorful-19677.jpg\" style=\"width:100%\" alt=\"EXERCICE INTELLECTUEL\"\/><\/div><div class=\"ugb-feature-grid__content\"><h5 class=\"ugb-feature-grid__title\">INTELLECTUAL EXERCISE<br><\/h5><p class=\"ugb-feature-grid__description\">Like the body, the mind needs exercise.\u00a0This intellectual stimulation can take a playful form: letter games (scrabble, crosswords), question games (Trivial Pursuit), reasoning games (dominos, puzzles), skill games (mikado), strategy games (Monopoly), construction games (models)...<br><br><\/p><\/div><\/div><div class=\"ugb-feature-grid__item\" style=\"border-radius:25px\"><div class=\"ugb-feature-grid__image\"><img decoding=\"async\" src=\"https:\/\/nguentifoundation.org\/wp-content\/uploads\/2019\/05\/Plan-de-travail-1.png\" style=\"width:100%\" alt=\"LES ACTIVIT\u00c9S SOCIO-CULTURELLES\"\/><\/div><div class=\"ugb-feature-grid__content\"><h5 class=\"ugb-feature-grid__title\">SOCIO-CULTURAL ACTIVITIES<br><\/h5><p class=\"ugb-feature-grid__description\">Going to the cinema, the theatre, conferences, continuing to read books are also possible activities.\u00a0If you enjoy reading less, you can still listen to recorded books.\u00a0You can also engage in a writing activity: emails, letters, postcards, newspapers...<br><br><\/p><\/div><\/div><\/div>\n\n\n\n<div class=\"wp-block-ugb-spacer ugb-spacer\" style=\"height:50px\"><\/div>\n\n\n\n<h2 class=\"wp-block-heading\" style=\"text-align:center\">SCIENTIFIC RESEARCH<\/h2>\n\n\n\n<div class=\"wp-block-ugb-divider ugb-divider\"><hr align=\"center\" style=\"background-color:#ff6900;width:50%;height:1px\"\/><\/div>\n\n\n\n<div class=\"wp-block-ugb-spacer ugb-spacer\" style=\"height:50px\"><\/div>\n\n\n\n<div class=\"wp-block-ugb-feature ugb-feature ugb--background-opacity-5 ugb-feature--design-plain ugb-feature--content-left ugb-feature--invert\" style=\"--image-size:400px\"><div class=\"ugb-content-wrapper\"><div class=\"ugb-feature__content\"><h2 class=\"ugb-feature__title\">MEDICAL RESEARCH IN THE WORLD<br><\/h2><p class=\"ugb-feature__description translation-block\">There is a lot of research underway to better understand Alzheimer's disease, detect it early and treat it.\u00a0<br>Currently, the diagnosis of Alzheimer's disease is based on neuropsychological assessment and brain imaging tests.But this method would not detect more than half of all people with Alzheimer's disease.<br>However, recent studies indicate that the first neural diseases may be present up to ten years before diagnosis. One of the challenges is therefore the development of an assay for biological markers in the blood. Tests are also underway to test high-performance brain imaging techniques. At the same time, epidemiological studies aim to identify risk factors by studying a large number of people over many years.<br> These results are based on an assessment of neuropsychological conditions. One of the challenges is therefore the development of an assay for biological markers in the blood. Tests are also underway to test high-performance brain imaging techniques. At the same time, epidemiological studies aim to identify risk factors by studying a large number of people over many years.<br>In neuroimaging, researchers have developed radiotracers to detect plaques;amyloid;in-vivo in patients. Several teams are now working on the development of radiotracers to visualize Tau pathology.<br>A research challenge is to develop and identify new biomarkers.These should be easily usable (e. g. blood testing techniques) and indicate the presence of the disease reliably. Such biomarkers will be essential tools for the early diagnosis of Alzheimer's disease and should allow for better management of people with the disease.<\/p><\/div><div class=\"ugb-feature__image-side\"><img decoding=\"async\" class=\"ugb-feature__image ugb--shadow-3\" style=\"border-radius:12px\" src=\"https:\/\/nguentifoundation.org\/wp-content\/uploads\/2019\/05\/image8-o3v8olop8p13hhoxyw8ineozz2ibomljnkmqo0wghc.jpg\" alt=\"LA RECHERCHE M\u00c9DICALE DANS LE MONDE\"\/><\/div><\/div><\/div>\n\n\n\n<div class=\"wp-block-ugb-spacer ugb-spacer\" style=\"height:50px\"><\/div>","protected":false},"excerpt":{"rendered":"<p>COMPRENDRE LA MALADIE LES MALADIES NEURO-D\u00c9G\u00c9N\u00c9RATIVES Depuis ces cinquante derni\u00e8res ann\u00e9es, l\u2019apparition des maladies neuro-d\u00e9g\u00e9n\u00e9ratives occupe une place majeure dans la recherche m\u00e9dicale.Les chercheurs et cliniciens ont r\u00e9alis\u00e9 diff\u00e9rentes analyses et constats les amenant \u00e0 distinguer un vieillissement physiologique d\u2019un vieillissement pathologique.Aujourd\u2019hui on compte trois grandes maladies neuro-d\u00e9g\u00e9n\u00e9ratives. La plus connu qui est la maladie<\/p>\n<div class=\"post-actions\"><a class=\"button small\" href=\"https:\/\/nguentifoundation.org\/en\/alzheimer\/\">Read More<\/a><\/div>","protected":false},"author":7,"featured_media":0,"parent":0,"menu_order":0,"comment_status":"closed","ping_status":"closed","template":"","meta":{"footnotes":""},"class_list":["post-1739","page","type-page","status-publish","hentry"],"aioseo_notices":[],"featured_image_urls_v2":{"full":"","thumbnail":"","medium":"","medium_large":"","large":"","1536x1536":"","2048x2048":"","trp-custom-language-flag":"","small-header":"","small-event":"","medium-event":"","large-event":"","document-thumb":"","gallery-full":"","gallery-thumb":"","cause-medium":"","staff-home":"","woocommerce_thumbnail":"","woocommerce_single":"","woocommerce_gallery_thumbnail":"","ppec_logo_image_size":"","ppec_header_image_size":""},"post_excerpt_stackable_v2":"<p>COMPRENDRE LA MALADIE LES MALADIES NEURO-D\u00c9G\u00c9N\u00c9RATIVESDepuis ces cinquante derni\u00e8res ann\u00e9es, l\u2019apparition des maladies neuro-d\u00e9g\u00e9n\u00e9ratives occupe une place majeure dans la recherche m\u00e9dicale.Les chercheurs et cliniciens ont r\u00e9alis\u00e9 diff\u00e9rentes analyses et constats les amenant \u00e0 distinguer un vieillissement physiologique d\u2019un vieillissement pathologique.Aujourd\u2019hui on compte trois grandes maladies neuro-d\u00e9g\u00e9n\u00e9ratives. La plus connu qui est la maladie d\u2019Alzheimer, la maladie de Parkinson et la Scl\u00e9rose en plaque. La maladie d\u2019Alzheimer sera notre principal axe d\u2019action. LES SYMPT\u00d4MES DE LA MALADIE D&#8217;ALZHEIMER AMN\u00c9SIE Perte progressive de la m\u00e9moire AGNOSIE Perte de la reconnaissance des objets APHASIE Perte de l\u2019expression&nbsp;orale et du language APRAXIE Incapacit\u00e9&hellip;<\/p>\n","category_list_v2":"","author_info_v2":{"name":"Amel Ayat","url":"https:\/\/nguentifoundation.org\/en\/author\/meltaya\/"},"comments_num_v2":"0 comments","post_mailing_queue_ids":[],"_links":{"self":[{"href":"https:\/\/nguentifoundation.org\/en\/wp-json\/wp\/v2\/pages\/1739","targetHints":{"allow":["GET"]}}],"collection":[{"href":"https:\/\/nguentifoundation.org\/en\/wp-json\/wp\/v2\/pages"}],"about":[{"href":"https:\/\/nguentifoundation.org\/en\/wp-json\/wp\/v2\/types\/page"}],"author":[{"embeddable":true,"href":"https:\/\/nguentifoundation.org\/en\/wp-json\/wp\/v2\/users\/7"}],"replies":[{"embeddable":true,"href":"https:\/\/nguentifoundation.org\/en\/wp-json\/wp\/v2\/comments?post=1739"}],"version-history":[{"count":0,"href":"https:\/\/nguentifoundation.org\/en\/wp-json\/wp\/v2\/pages\/1739\/revisions"}],"wp:attachment":[{"href":"https:\/\/nguentifoundation.org\/en\/wp-json\/wp\/v2\/media?parent=1739"}],"curies":[{"name":"wp","href":"https:\/\/api.w.org\/{rel}","templated":true}]}}