{"id":1740,"date":"2019-05-21T14:15:59","date_gmt":"2019-05-21T12:15:59","guid":{"rendered":"https:\/\/nguentifoundation.org\/?page_id=1740"},"modified":"2019-05-31T11:55:35","modified_gmt":"2019-05-31T09:55:35","slug":"emancipation-des-femmes","status":"publish","type":"page","link":"https:\/\/nguentifoundation.org\/en\/emancipation-des-femmes\/","title":{"rendered":"Women rights and Empowerment"},"content":{"rendered":"<h1 class=\"wp-block-heading\" style=\"text-align:center\">SUPPORT FOR WOMEN'S RIGHTS<\/h1>\n\n\n\n<div class=\"wp-block-ugb-divider ugb-divider\"><hr align=\"center\" style=\"background-color:#080a7f;width:50%;height:1px\"\/><\/div>\n\n\n\n<div class=\"wp-block-ugb-container ugb-container ugb--background-opacity-5 ugb--has-background ugb-container--height-normal ugb-container--align-horizontal-full\" style=\"background-color:#f1f1f1\"><div class=\"ugb-container__wrapper\"><div class=\"ugb-container__content-wrapper\">\n<h3 class=\"wp-block-heading\">Single mothers<\/h3>\n\n\n\n<p>In Europe in 2016, 7.7% of women aged 25 to 49 live alone with their child(ren). Only 1.1% of fathers are single at home. In France, the proportion rises from 10.7% of single women with children to 2.5% of men.<\/p>\n\n\n\n<p>In Belgium, 9.2% of single-parent households are made up of mothers and their children, compared with 1.3% of households built around fathers.<\/p>\n<\/div><\/div><\/div>\n\n\n\n<blockquote class=\"wp-block-ugb-blockquote ugb-blockquote ugb-blockquote--v2 ugb--background-opacity-9 ugb-blockquote--design-basic ugb--has-background ugb--has-background-image\" style=\"--quote-color:#eeeeee;background-color:#0b0578;background-image:url(https:\/\/nguentifoundation.org\/wp-content\/uploads\/2019\/05\/african-child-kid-38634-1.jpg);--ugb-background-color:#0b0578;border-radius:0\"><div class=\"ugb-content-wrapper\"><svg viewbox=\"0 0 50 50\" xmlns=\"http:\/\/www.w3.org\/2000\/svg\" style=\"fill:#eeeeee;width:61px;height:61px\"><path d=\"M9.4 14.6c-2.4 2.9-3.6 5.9-3.6 8.9 0 1.3.2 2.4.5 3.3 1.8-1.4 3.8-2.1 6-2.1 2.9 0 5.3.9 7.3 2.7 2 1.8 3 4.2 3 7.3 0 1.9-.5 3.6-1.4 5.1-.9 1.5-2.2 2.7-3.8 3.6s-3.3 1.3-5.1 1.3c-4.1 0-7.3-1.6-9.5-4.9C.9 36.9 0 33.5 0 29.4c0-5.2 1.4-9.9 4.1-14 2.8-4.1 6.9-7.5 12.5-10l1.5 2.8c-3.3 1.3-6.2 3.5-8.7 6.4zm27.5 0c-2.4 2.9-3.6 5.9-3.6 8.9 0 1.3.2 2.4.5 3.3 1.8-1.4 3.8-2.1 6-2.1 2.9 0 5.4.9 7.4 2.7 2 1.8 3 4.2 3 7.3 0 2.8-1 5.2-3 7.1-2 1.9-4.4 2.9-7.3 2.9-4.1 0-7.3-1.6-9.5-4.9-1.8-2.7-2.8-6.2-2.8-10.3 0-5.2 1.4-9.9 4.1-14 2.8-4.1 6.9-7.5 12.5-10l1.5 2.8c-3.5 1.2-6.4 3.4-8.8 6.3z\"><\/path><\/svg><p class=\"ugb-blockquote__text\" style=\"color:#abb8c3\"><em>\"The ability to read, write and analyse; the confidence necessary to defend one's rights and demand justice and equality; the skills and relationships that open doors and allow everyone to find their place in society -&nbsp;<\/em><strong>all this begins with education<\/strong><em>.\u201d&nbsp;Michelle&nbsp;Obama<\/em><\/p><\/div><\/blockquote>\n\n\n\n<div class=\"wp-block-ugb-container ugb-container ugb--background-opacity-5 ugb--has-background ugb-container--height-normal ugb-container--align-horizontal-full\" style=\"background-color:#f1f1f1\"><div class=\"ugb-container__wrapper\"><div class=\"ugb-container__content-wrapper\">\n<h2 class=\"wp-block-heading\">Women in leadership positions<\/h2>\n\n\n\n<p>On average in Europe only 33% of working women hold a managerial position. This rate does not exceed 50% in any country of the Union.<br> <\/p>\n\n\n\n<p>France and Belgium have the same average. The highest proportion of women in a position to lead teams in Europe is in Latvia (47%), followed by Poland and Slovenia (41%).<\/p>\n<\/div><\/div><\/div>\n\n\n\n<div class=\"wp-block-ugb-feature ugb-feature ugb--background-opacity-5 ugb-feature--design-plain ugb-feature--content-left\" style=\"--image-size:400px\"><div class=\"ugb-content-wrapper\"><div class=\"ugb-feature__content\"><h2 class=\"ugb-feature__title\">Women and education<br><\/h2><p class=\"ugb-feature__description\"><br>In Africa:<br><br>Access to education differs greatly from one country to another. UNESCO presents figures that show the crucial problems in the education system.<br><br>-&gt; 28 million girls and adolescents of school age are unlikely to attend school.<br><br>-&gt; In Mali, 92% of girls will never go to school, 3% have dropped out, and 5% will start late. <br><br>-&gt; In Niger, there is a greater gender difference: 91% of girls will never go to school, 3% have dropped out, and 6% will start late<br>(compared to 83%, 4% and 12% respectively for boys).<br><br><br><\/p><\/div><div class=\"ugb-feature__image-side\"><img decoding=\"async\" class=\"ugb-feature__image ugb--shadow-3\" style=\"border-radius:12px\" src=\"https:\/\/nguentifoundation.org\/wp-content\/uploads\/2019\/05\/teacher.jpeg\" alt=\"Les femmes et l'\u00e9ducation\"\/><\/div><\/div><\/div>\n\n\n\n<div class=\"wp-block-ugb-button ugb-button-wrapper ugb-button--align-center\"><div><a class=\"ugb-button ugb-button--align-center ugb-button--size-medium\" href=\"##\" style=\"border-radius:4px;background-color:#ff6900\"><span class=\"ugb-button--inner\">According to UNICEF, if all women completed primary school, maternal mortality would be reduced by 70%, saving nearly 50,000 lives.<\/span><\/a><\/div><\/div>","protected":false},"excerpt":{"rendered":"<p>LE SOUTIEN AUX DROITS DE LA FEMME Les m\u00e8res seules En Europe en 2016, 7,7% des femmes \u00e2g\u00e9es de 25 \u00e0 49 ans vivent seules avec leur(s) enfant(s). Seulement 1,1% des p\u00e8res sont seul au foyer. En France, la proportion passe de 10,7% de femmes seules avec enfant(s) pour 2,5% hommes. En Belgique, 9,2% des<\/p>\n<div class=\"post-actions\"><a class=\"button small\" href=\"https:\/\/nguentifoundation.org\/en\/emancipation-des-femmes\/\">Read More<\/a><\/div>","protected":false},"author":7,"featured_media":0,"parent":0,"menu_order":0,"comment_status":"closed","ping_status":"closed","template":"","meta":{"footnotes":""},"class_list":["post-1740","page","type-page","status-publish","hentry"],"aioseo_notices":[],"featured_image_urls_v2":{"full":"","thumbnail":"","medium":"","medium_large":"","large":"","1536x1536":"","2048x2048":"","trp-custom-language-flag":"","small-header":"","small-event":"","medium-event":"","large-event":"","document-thumb":"","gallery-full":"","gallery-thumb":"","cause-medium":"","staff-home":"","woocommerce_thumbnail":"","woocommerce_single":"","woocommerce_gallery_thumbnail":"","ppec_logo_image_size":"","ppec_header_image_size":""},"post_excerpt_stackable_v2":"<p>LE SOUTIEN AUX DROITS DE LA FEMME Les m\u00e8res seules En Europe en 2016, 7,7% des femmes \u00e2g\u00e9es de 25 \u00e0 49 ans vivent seules avec leur(s) enfant(s). Seulement 1,1% des p\u00e8res sont seul au foyer. En France, la proportion passe de 10,7% de femmes seules avec enfant(s) pour 2,5% hommes. En Belgique, 9,2% des foyers monoparentaux sont constitu\u00e9s par la m\u00e8re et ses enfants contre 1,3% de foyer construit autour du p\u00e8re. \u201cLa capacit\u00e9 \u00e0 lire, \u00e9crire et analyser; la confiance n\u00e9cessaire pour pouvoir d\u00e9fendre ses droits et exiger justice et \u00e9galit\u00e9; les comp\u00e9tences et les relations qui ouvrent&hellip;<\/p>\n","category_list_v2":"","author_info_v2":{"name":"Amel Ayat","url":"https:\/\/nguentifoundation.org\/en\/author\/meltaya\/"},"comments_num_v2":"0 comments","post_mailing_queue_ids":[],"_links":{"self":[{"href":"https:\/\/nguentifoundation.org\/en\/wp-json\/wp\/v2\/pages\/1740","targetHints":{"allow":["GET"]}}],"collection":[{"href":"https:\/\/nguentifoundation.org\/en\/wp-json\/wp\/v2\/pages"}],"about":[{"href":"https:\/\/nguentifoundation.org\/en\/wp-json\/wp\/v2\/types\/page"}],"author":[{"embeddable":true,"href":"https:\/\/nguentifoundation.org\/en\/wp-json\/wp\/v2\/users\/7"}],"replies":[{"embeddable":true,"href":"https:\/\/nguentifoundation.org\/en\/wp-json\/wp\/v2\/comments?post=1740"}],"version-history":[{"count":0,"href":"https:\/\/nguentifoundation.org\/en\/wp-json\/wp\/v2\/pages\/1740\/revisions"}],"wp:attachment":[{"href":"https:\/\/nguentifoundation.org\/en\/wp-json\/wp\/v2\/media?parent=1740"}],"curies":[{"name":"wp","href":"https:\/\/api.w.org\/{rel}","templated":true}]}}