{"id":1743,"date":"2019-05-21T14:15:59","date_gmt":"2019-05-21T12:15:59","guid":{"rendered":"https:\/\/nguentifoundation.org\/?page_id=1743"},"modified":"2019-05-23T21:06:23","modified_gmt":"2019-05-23T19:06:23","slug":"analyse-economique","status":"publish","type":"page","link":"https:\/\/nguentifoundation.org\/en\/analyse-economique\/","title":{"rendered":"Economic analysis"},"content":{"rendered":"<h4 class=\"wp-block-heading\">ECONOMIC SITUATION IN AFRICA<\/h4>\n\n\n\n<div class=\"wp-block-ugb-card ugb-card\" style=\"border-radius:12px\"><div class=\"ugb-card__image-container\" style=\"background-image:url(https:\/\/nguentifoundation.org\/wp-content\/uploads\/2019\/05\/analytics-chart-charts-920116.jpg);text-align:left\" data-src=\"https:\/\/nguentifoundation.org\/wp-content\/uploads\/2019\/05\/analytics-chart-charts-920116.jpg\"><\/div><h4 class=\"ugb-card__title\" style=\"text-align:left\">A few figures:<\/h4><p class=\"ugb-card__description\" style=\"text-align:left\">Since the 1990s, the term EMERGENCE has become a magic word in Africa, as if the mere fact of including it in development and investment programmes were enough to transform developing countries into modern, prosperous developed countries where poverty would have disappeared.<br><br>After the high double-digit growth rates from 2000 onwards, Africa failed to anticipate and transform its raw materials into high value-added finished products. It is suffering severely from the fall in international market prices, especially for the less diversified economies. Overall, African growth hovers around 5% per year (between 10% for the best economies and a negative figure for some).<\/p><\/div>","protected":false},"excerpt":{"rendered":"<p>ECONOMIQUE EN AFRIQUE Quelques chiffres : D\u00e8s les ann\u00e9es 90, le terme EMERGENCE est devenu, un mot magique en Afrique, comme si le seul fait de l&#8217;inclure dans les programmes de d\u00e9veloppement et d&#8217;investissements suffisait \u00e0 transformer les Etats en d\u00e9veloppement, en pays modernes, prosp\u00e8res d\u00e9velopp\u00e9s ou la pauvret\u00e9 aurait disparu. Apr\u00e8s les forts taux<\/p>\n<div class=\"post-actions\"><a class=\"button small\" href=\"https:\/\/nguentifoundation.org\/en\/analyse-economique\/\">Read More<\/a><\/div>","protected":false},"author":7,"featured_media":0,"parent":0,"menu_order":0,"comment_status":"closed","ping_status":"closed","template":"","meta":{"footnotes":""},"class_list":["post-1743","page","type-page","status-publish","hentry"],"aioseo_notices":[],"featured_image_urls_v2":{"full":"","thumbnail":"","medium":"","medium_large":"","large":"","1536x1536":"","2048x2048":"","trp-custom-language-flag":"","small-header":"","small-event":"","medium-event":"","large-event":"","document-thumb":"","gallery-full":"","gallery-thumb":"","cause-medium":"","staff-home":"","woocommerce_thumbnail":"","woocommerce_single":"","woocommerce_gallery_thumbnail":"","ppec_logo_image_size":"","ppec_header_image_size":""},"post_excerpt_stackable_v2":"<p>ECONOMIQUE EN AFRIQUE Quelques chiffres :D\u00e8s les ann\u00e9es 90, le terme EMERGENCE est devenu, un mot magique en Afrique, comme si le seul fait de l&#8217;inclure dans les programmes de d\u00e9veloppement et d&#8217;investissements suffisait \u00e0 transformer les Etats en d\u00e9veloppement, en pays modernes, prosp\u00e8res d\u00e9velopp\u00e9s ou la pauvret\u00e9 aurait disparu.Apr\u00e8s les forts taux de croissance \u00e0 deux chiffres \u00e0 partir de 2000, l&#8217;Afrique n&#8217;a pas su anticiper et transformer ses mati\u00e8res premi\u00e8res en produits finis \u00e0 haute valeur ajout\u00e9es. Elle subit durement la chute des cours sur les march\u00e9s internationaux, surtout pour les \u00e9conomies les moins diversifi\u00e9es. Globalement, la croissance&hellip;<\/p>\n","category_list_v2":"","author_info_v2":{"name":"Amel Ayat","url":"https:\/\/nguentifoundation.org\/en\/author\/meltaya\/"},"comments_num_v2":"0 comments","post_mailing_queue_ids":[],"_links":{"self":[{"href":"https:\/\/nguentifoundation.org\/en\/wp-json\/wp\/v2\/pages\/1743","targetHints":{"allow":["GET"]}}],"collection":[{"href":"https:\/\/nguentifoundation.org\/en\/wp-json\/wp\/v2\/pages"}],"about":[{"href":"https:\/\/nguentifoundation.org\/en\/wp-json\/wp\/v2\/types\/page"}],"author":[{"embeddable":true,"href":"https:\/\/nguentifoundation.org\/en\/wp-json\/wp\/v2\/users\/7"}],"replies":[{"embeddable":true,"href":"https:\/\/nguentifoundation.org\/en\/wp-json\/wp\/v2\/comments?post=1743"}],"version-history":[{"count":0,"href":"https:\/\/nguentifoundation.org\/en\/wp-json\/wp\/v2\/pages\/1743\/revisions"}],"wp:attachment":[{"href":"https:\/\/nguentifoundation.org\/en\/wp-json\/wp\/v2\/media?parent=1743"}],"curies":[{"name":"wp","href":"https:\/\/api.w.org\/{rel}","templated":true}]}}