{"id":2,"date":"2018-10-19T08:19:39","date_gmt":"2018-10-19T06:19:39","guid":{"rendered":"http:\/\/localhost:8888\/wordpress\/?page_id=2"},"modified":"2019-05-31T10:13:28","modified_gmt":"2019-05-31T08:13:28","slug":"about","status":"publish","type":"page","link":"https:\/\/nguentifoundation.org\/en\/about\/","title":{"rendered":"About"},"content":{"rendered":"<div class=\"wp-block-ugb-feature aligncenter ugb-feature ugb--background-opacity-5 ugb-feature--design-plain ugb-feature--content-left\" style=\"--image-size:307px\"><div class=\"ugb-content-wrapper\"><div class=\"ugb-feature__content\"><h2 class=\"ugb-feature__title\"><u>GASTON JOSEPH NGUENTI<\/u> (1936-2013)<br><\/h2><p class=\"ugb-feature__description\"><br>Gaston J. NGUENTI was a successful professional banker from Cameroon. A graduate student from Ecole Sup\u00e9rieure de Commerce du Havre (1957-60) in France, a bachelor and a Master of Business Administration (M.B.A) from University of Denver, Colorado USA (1960-64).\n\nHe led the french bank, SOCIETE GENERALE (previously known as Soci\u00e9t\u00e9 G\u00e9n\u00e9rale de Banque au Cameroun-SGBC) in Cameroon for almost 30 years, making it a solid, and one of the biggest bank in the country.<\/p><\/div><div class=\"ugb-feature__image-side\"><img decoding=\"async\" class=\"ugb-feature__image ugb--shadow-3\" style=\"border-radius:12px\" src=\"https:\/\/nguentifoundation.org\/wp-content\/uploads\/2019\/05\/Nguenti.jpg\" alt=\"GASTON JOSEPH NGUENTI (1936-2013)\"\/><\/div><\/div><\/div>\n\n\n\n<div class=\"wp-block-ugb-expand ugb-expand\" aria-expanded=\"false\"><div class=\"ugb-expand__less-text\"><p><\/p><p><br><br><\/p><\/div><div class=\"ugb-expand__more-text\" style=\"display:none\"><p><\/p><p>He returned to France for a short period of time at the local office of the Central bank of Central African Countries (BEAC). Because the new independant state of Cameroon, was looking for all young qualified citizens he returned to Yaounde. He quickly received an offer to work for the government, he joined the National Investment Company (Societe Nationale d\u2019Investissements -SNI), a state owned public invest holding, equivalent of a Sovereign Fund. This company was created by the cameroonian government to invest and take participations in any project in the country.\nHe quickly reached the position of Deputy General manager (1973) in 8 years, and just a year later in 1974, the Cameroonian government, appointed him as the Cameroonian candidate for the position of deputy General Manager, at the french Bank, Soci\u00e9t\u00e9 G\u00e9n\u00e9rale de Banque. In the early 70\u2019s, the policy of the government was to favor Cameroonian nationals to reach top executive positions (local content).<br><br><br>The Cameroonian government's policy, after independence in 1960, on the promotion of young professionals to decision-making positions (Local Content), enabled it to join the general management of Soci\u00e9t\u00e9 G\u00e9n\u00e9rale de Banque au Cameroun (SGBC), now renamed SOCIETE GENERALE Cameroun (SGC) as Deputy Managing Director from 1973 to 1977. Then as CEO for nearly 20 years, and then as Chairman of the Board of Directors, until his resignation due to illness in June 2009.&nbsp;<br><br><br>He fought for 4 years against Alzheimer's disease, which progressed quite rapidly, until his death on March 22, 2013.<br>His disappearance is a shock to his family, and to those who knew him.&nbsp;<br><br> He grew up and went to school with the Jesuits. He was a fervent Christian, an active member of the church choir, and President of several Catholic associations in the parish of Saint Louis de Douala-Bonab\u00e9ri, where he resided. He was very cultured, humble and very discreet. Always open to discussion and advice. Very active through social works for women and youth.&nbsp; <br><\/p><\/div><a class=\"ugb-expand__toggle\" href=\"#\"><span class=\"ugb-expand__more-toggle-text\">Learn more<\/span><span class=\"ugb-expand__less-toggle-text\" style=\"display:none\">LESS<\/span><\/a><\/div>\n\n\n\n<div class=\"wp-block-ugb-spacer ugb-spacer\" style=\"height:50px\"><\/div>\n\n\n\n<div class=\"wp-block-ugb-spacer ugb-spacer\" style=\"height:50px\"><\/div>\n\n\n\n<div class=\"wp-block-ugb-feature-grid ugb-feature-grid ugb-feature-grid--columns-2\"><div class=\"ugb-feature-grid__item\"><div class=\"ugb-feature-grid__image\"><img decoding=\"async\" src=\"https:\/\/nguentifoundation.org\/wp-content\/uploads\/2019\/05\/eye.png\" style=\"width:24%\" alt=\"Vision\"\/><\/div><div class=\"ugb-feature-grid__content\"><h5 class=\"ugb-feature-grid__title\">Vision<\/h5><p class=\"ugb-feature-grid__description\">We wish to make healthcare more affordable for the majority, promote women rights and empowerment. Improve youth education. <\/p><\/div><\/div><div class=\"ugb-feature-grid__item\"><div class=\"ugb-feature-grid__image\"><img decoding=\"async\" src=\"https:\/\/nguentifoundation.org\/wp-content\/uploads\/2019\/05\/objective.png\" style=\"width:24%\" alt=\"Mission\"\/><\/div><div class=\"ugb-feature-grid__content\"><h5 class=\"ugb-feature-grid__title\">Mission<\/h5><p class=\"ugb-feature-grid__description\">Raising funds, and any type of support (human, materials etc\u2026) with our partners, sponsors, friends, and participants, we will realise our projects on a daily and long term basis.&nbsp; <\/p><\/div><\/div><\/div>\n\n\n\n<div class=\"wp-block-ugb-spacer ugb-spacer\" style=\"height:50px\"><\/div>\n\n\n\n<div class=\"wp-block-ugb-spacer ugb-spacer\" style=\"height:50px\"><\/div>\n\n\n\n<div class=\"wp-block-ugb-divider ugb-divider\"><hr align=\"center\" style=\"background-color:#ff6900;width:27.4%;height:1px\"\/><\/div>\n\n\n\n<div class=\"wp-block-ugb-spacer ugb-spacer\" style=\"height:50px\"><\/div>\n\n\n\n<p style=\"text-align:center\">It is with the aim of helping other families in Cameroon and Africa that this foundation was created. We want to inform, communicate, and help people cope with Alzheimer's disease, and lift the taboo on this little-known disease. Then, support patients to get them out of isolation. It is not a curse or a curse or a curse, nor witchcraft, but a real disease that is developing all over the world.<\/p>\n\n\n\n<p style=\"text-align:center\">It is therefore up to Africa to become aware of this evil, in order to be able, in the coming years, to equip itself with specialists, reception structures and infrastructures to deal with it.<\/p>\n\n\n\n<div class=\"wp-block-ugb-spacer ugb-spacer\" style=\"height:50px\"><\/div>\n\n\n\n<div class=\"wp-block-ugb-container ugb-container ugb--background-opacity-5 ugb-container--content-center ugb--has-background ugb-container--height-normal ugb-container--align-horizontal-full ugb--shadow-8\" style=\"--ugb-text-color:#eeeeee;background-color:#061061;background-attachment:fixed;border-radius:0\"><div class=\"ugb-container__wrapper\"><div class=\"ugb-container__content-wrapper\">\n<h2 class=\"wp-block-heading\">NEURODEGENERATIVE DISEASES IN THE WORLD<\/h2>\n\n\n\n<div class=\"wp-block-ugb-container ugb-container ugb--background-opacity-5 ugb--has-background ugb-container--height-normal ugb-container--align-horizontal-full ugb--shadow-0\" style=\"--ugb-text-color:#ff6900;background-color:#061061;border-radius:0\"><div class=\"ugb-container__wrapper\"><div class=\"ugb-container__content-wrapper\">\n<p>50 MILLIONS <\/p>\n<\/div><\/div><\/div>\n\n\n\n<p>People with dementia <\/p>\n\n\n\n<div class=\"wp-block-ugb-container ugb-container ugb--background-opacity-5 ugb--has-background ugb-container--height-short ugb-container--align-horizontal-full ugb--shadow-0\" style=\"--ugb-text-color:#ff6900;background-color:#061061;border-radius:0\"><div class=\"ugb-container__wrapper\"><div class=\"ugb-container__content-wrapper\">\n<p>60% &#8211; 70 %<\/p>\n<\/div><\/div><\/div>\n\n\n\n<p>&nbsp;Cases involve Alzheimer's disease<br><\/p>\n\n\n\n<div class=\"wp-block-ugb-container ugb-container ugb--background-opacity-5 ugb--has-background ugb-container--height-short ugb-container--align-horizontal-center ugb--shadow-0 ugb--has-background-gradient\" style=\"--ugb-text-color:#ff6900;background-color:#061061;--ugb-background-color:#061061;--ugb-background-direction:0deg;border-radius:0\"><div class=\"ugb-container__wrapper\"><div class=\"ugb-container__content-wrapper\">\n<p>152 MILLIONS<\/p>\n<\/div><\/div><\/div>\n\n\n\n<p>People with Alzheimer's by 2050&nbsp;<br><\/p>\n<\/div><\/div><\/div>\n\n\n\n<p><\/p>","protected":false},"excerpt":{"rendered":"<p>GASTON JOSEPH NGUENTI (1936-2013) Gaston J. NGUENTI est un brillant banquier Camerounais, qui a marqu\u00e9 le paysage bancaire national. Dipl\u00f4m\u00e9 de l\u2019Ecole Sup\u00e9rieure de Commerce (1957-60) du Havre en France et ensuite \u00e0 l\u2019Universit\u00e9 de Denver au Colorado ou il obtient un Bachelor of Sciences (1963), puis un Master of Business Administration (M.B.A) en Management<\/p>\n<div class=\"post-actions\"><a class=\"button small\" href=\"https:\/\/nguentifoundation.org\/en\/about\/\">Read More<\/a><\/div>","protected":false},"author":1,"featured_media":0,"parent":0,"menu_order":0,"comment_status":"closed","ping_status":"open","template":"","meta":{"footnotes":""},"class_list":["post-2","page","type-page","status-publish","hentry"],"aioseo_notices":[],"featured_image_urls_v2":{"full":"","thumbnail":"","medium":"","medium_large":"","large":"","1536x1536":"","2048x2048":"","trp-custom-language-flag":"","small-header":"","small-event":"","medium-event":"","large-event":"","document-thumb":"","gallery-full":"","gallery-thumb":"","cause-medium":"","staff-home":"","woocommerce_thumbnail":"","woocommerce_single":"","woocommerce_gallery_thumbnail":"","ppec_logo_image_size":"","ppec_header_image_size":""},"post_excerpt_stackable_v2":"<p>GASTON JOSEPH NGUENTI (1936-2013)Gaston J. NGUENTI est un brillant banquier Camerounais, qui a marqu\u00e9 le paysage bancaire national. Dipl\u00f4m\u00e9 de l\u2019Ecole Sup\u00e9rieure de Commerce (1957-60) du Havre en France et ensuite \u00e0 l\u2019Universit\u00e9 de Denver au Colorado ou il obtient un Bachelor of Sciences (1963), puis un Master of Business Administration (M.B.A) en Management (1964). Il dirigera la filiale au Cameroun, de la banque Fran\u00e7aise, SOCIETE GENERALE, pendant plus de 25 ans, et en fera un des plus important et incontournable, acteur du paysage bancaire au Cameroun. Il rentre en France pour peu de temps, \u00e0 la Banque de France,&hellip;<\/p>\n","category_list_v2":"","author_info_v2":{"name":"NguentiAdmin","url":"https:\/\/nguentifoundation.org\/en\/author\/nguentiadmin\/"},"comments_num_v2":"0 comments","post_mailing_queue_ids":[],"_links":{"self":[{"href":"https:\/\/nguentifoundation.org\/en\/wp-json\/wp\/v2\/pages\/2","targetHints":{"allow":["GET"]}}],"collection":[{"href":"https:\/\/nguentifoundation.org\/en\/wp-json\/wp\/v2\/pages"}],"about":[{"href":"https:\/\/nguentifoundation.org\/en\/wp-json\/wp\/v2\/types\/page"}],"author":[{"embeddable":true,"href":"https:\/\/nguentifoundation.org\/en\/wp-json\/wp\/v2\/users\/1"}],"replies":[{"embeddable":true,"href":"https:\/\/nguentifoundation.org\/en\/wp-json\/wp\/v2\/comments?post=2"}],"version-history":[{"count":0,"href":"https:\/\/nguentifoundation.org\/en\/wp-json\/wp\/v2\/pages\/2\/revisions"}],"wp:attachment":[{"href":"https:\/\/nguentifoundation.org\/en\/wp-json\/wp\/v2\/media?parent=2"}],"curies":[{"name":"wp","href":"https:\/\/api.w.org\/{rel}","templated":true}]}}