{"id":50,"date":"2018-12-06T10:52:46","date_gmt":"2018-12-06T09:52:46","guid":{"rendered":"http:\/\/localhost:8888\/wordpress\/?page_id=50"},"modified":"2019-05-29T14:16:47","modified_gmt":"2019-05-29T12:16:47","slug":"evenements","status":"publish","type":"page","link":"https:\/\/nguentifoundation.org\/en\/evenements\/","title":{"rendered":"Events"},"content":{"rendered":"<div class=\"wp-block-ugb-feature-grid ugb-feature-grid ugb-feature-grid--columns-3\"><div class=\"ugb-feature-grid__item\"><div class=\"ugb-feature-grid__image\"><img decoding=\"async\" src=\"https:\/\/nguentifoundation.org\/wp-content\/uploads\/2019\/05\/15120-architecture-blue-269077.jpg\" style=\"width:100%\" alt=\"CONFERENCE 1: \"\/><\/div><div class=\"ugb-feature-grid__content\"><h5 class=\"ugb-feature-grid__title\"><strong>CONFERENCE 1<\/strong>: <\/h5><p class=\"ugb-feature-grid__description\">International Conference on Neurodegenerative Diseases<br> Douala, Cameroon: September 2020. <\/p><\/div><\/div><div class=\"ugb-feature-grid__item\"><div class=\"ugb-feature-grid__image\"><img decoding=\"async\" src=\"https:\/\/nguentifoundation.org\/wp-content\/uploads\/2019\/05\/business-women-coworkers-coworking-2041390.jpg\" style=\"width:100%\" alt=\"CONFERENCE 2: \"\/><\/div><div class=\"ugb-feature-grid__content\"><h5 class=\"ugb-feature-grid__title\"><strong>CONFERENCE 2<\/strong>: <\/h5><p class=\"ugb-feature-grid__description\"> International conference for Women's Rights and Empowerment<br> Douala, Cameroon: September 2020 <\/p><\/div><\/div><div class=\"ugb-feature-grid__item\"><div class=\"ugb-feature-grid__image\"><img decoding=\"async\" src=\"https:\/\/nguentifoundation.org\/wp-content\/uploads\/2019\/05\/blue-charity-collaboration-1842610.jpg\" style=\"width:100%\" alt=\"CONFERENCE 3: \"\/><\/div><div class=\"ugb-feature-grid__content\"><h5 class=\"ugb-feature-grid__title\"><strong>CONFERENCE 3<\/strong>: <\/h5><p class=\"ugb-feature-grid__description\">World Alzheimer's Day: September 21, 2019 <\/p><\/div><\/div><\/div>\n\n\n\n<div class=\"wp-block-ugb-spacer ugb-spacer\" style=\"height:50px\"><\/div>","protected":false},"excerpt":{"rendered":"<p>CONFERENCE 1: Conf\u00e9rence internationale sur les maladies Neurod\u00e9g\u00e9n\u00e9ratives Douala, Cameroun: Septembre 2020. CONFERENCE 2: International pour les droits et \u00e9mancipation des femmes Douala, Cameroun: Septembre 2020 CONFERENCE 3: Journ\u00e9e Mondiale de mobilisation et sensibilisation contre la maladie d&#8217;Alzheimer: Le 21 Septembre 2019<\/p>","protected":false},"author":1,"featured_media":0,"parent":0,"menu_order":0,"comment_status":"closed","ping_status":"closed","template":"","meta":{"footnotes":""},"class_list":["post-50","page","type-page","status-publish","hentry"],"aioseo_notices":[],"featured_image_urls_v2":{"full":"","thumbnail":"","medium":"","medium_large":"","large":"","1536x1536":"","2048x2048":"","trp-custom-language-flag":"","small-header":"","small-event":"","medium-event":"","large-event":"","document-thumb":"","gallery-full":"","gallery-thumb":"","cause-medium":"","staff-home":"","woocommerce_thumbnail":"","woocommerce_single":"","woocommerce_gallery_thumbnail":"","ppec_logo_image_size":"","ppec_header_image_size":""},"post_excerpt_stackable_v2":"<p>CONFERENCE 1: Conf\u00e9rence internationale sur les maladies Neurod\u00e9g\u00e9n\u00e9ratives Douala, Cameroun: Septembre 2020. CONFERENCE 2: International pour les droits et \u00e9mancipation des femmes Douala, Cameroun: Septembre 2020 CONFERENCE 3: Journ\u00e9e Mondiale de mobilisation et sensibilisation contre la maladie d&#8217;Alzheimer: Le 21 Septembre 2019<\/p>\n","category_list_v2":"","author_info_v2":{"name":"NguentiAdmin","url":"https:\/\/nguentifoundation.org\/en\/author\/nguentiadmin\/"},"comments_num_v2":"0 comments","post_mailing_queue_ids":[],"_links":{"self":[{"href":"https:\/\/nguentifoundation.org\/en\/wp-json\/wp\/v2\/pages\/50","targetHints":{"allow":["GET"]}}],"collection":[{"href":"https:\/\/nguentifoundation.org\/en\/wp-json\/wp\/v2\/pages"}],"about":[{"href":"https:\/\/nguentifoundation.org\/en\/wp-json\/wp\/v2\/types\/page"}],"author":[{"embeddable":true,"href":"https:\/\/nguentifoundation.org\/en\/wp-json\/wp\/v2\/users\/1"}],"replies":[{"embeddable":true,"href":"https:\/\/nguentifoundation.org\/en\/wp-json\/wp\/v2\/comments?post=50"}],"version-history":[{"count":0,"href":"https:\/\/nguentifoundation.org\/en\/wp-json\/wp\/v2\/pages\/50\/revisions"}],"wp:attachment":[{"href":"https:\/\/nguentifoundation.org\/en\/wp-json\/wp\/v2\/media?parent=50"}],"curies":[{"name":"wp","href":"https:\/\/api.w.org\/{rel}","templated":true}]}}